{"id":1676,"date":"2023-04-01T19:31:38","date_gmt":"2023-04-01T19:31:38","guid":{"rendered":"https:\/\/lavidasaludablepr.com\/?page_id=1676"},"modified":"2023-04-19T15:24:33","modified_gmt":"2023-04-19T15:24:33","slug":"salud","status":"publish","type":"page","link":"https:\/\/lavidasaludablepr.com\/en\/salud\/","title":{"rendered":"salud"},"content":{"rendered":"<div data-elementor-type=\"wp-page\" data-elementor-id=\"1676\" class=\"elementor elementor-1676\">\n\t\t\t\t\t\t<section class=\"elementor-section elementor-top-section elementor-element elementor-element-8e6541a elementor-section-content-middle elementor-section-boxed elementor-section-height-default elementor-section-height-default\" data-id=\"8e6541a\" data-element_type=\"section\" data-settings=\"{&quot;background_background&quot;:&quot;classic&quot;,&quot;shape_divider_bottom&quot;:&quot;triangle&quot;,&quot;shape_divider_bottom_negative&quot;:&quot;yes&quot;}\">\n\t\t\t\t\t\t\t<div class=\"elementor-background-overlay\"><\/div>\n\t\t\t\t\t\t<div class=\"elementor-shape elementor-shape-bottom\" aria-hidden=\"true\" data-negative=\"true\">\n\t\t\t<svg xmlns=\"http:\/\/www.w3.org\/2000\/svg\" viewbox=\"0 0 1000 100\" preserveaspectratio=\"none\">\n\t<path class=\"elementor-shape-fill\" d=\"M500.2,94.7L0,0v100h1000V0L500.2,94.7z\"\/>\n<\/svg>\t\t<\/div>\n\t\t\t\t\t<div class=\"elementor-container elementor-column-gap-default\">\n\t\t\t\t\t<div class=\"elementor-column elementor-col-100 elementor-top-column elementor-element elementor-element-68bb868d\" data-id=\"68bb868d\" data-element_type=\"column\">\n\t\t\t<div class=\"elementor-widget-wrap elementor-element-populated\">\n\t\t\t\t\t\t<div class=\"elementor-element elementor-element-50c04191 elementor-widget elementor-widget-heading\" data-id=\"50c04191\" data-element_type=\"widget\" data-settings=\"{&quot;_animation&quot;:&quot;none&quot;}\" data-widget_type=\"heading.default\">\n\t\t\t\t<div class=\"elementor-widget-container\">\n\t\t\t\t\t<h1 class=\"elementor-heading-title elementor-size-default\">Salud<\/h1>\t\t\t\t<\/div>\n\t\t\t\t<\/div>\n\t\t\t\t\t<\/div>\n\t\t<\/div>\n\t\t\t\t\t<\/div>\n\t\t<\/section>\n\t\t\t\t<section class=\"elementor-section elementor-top-section elementor-element elementor-element-26d9f937 elementor-section-boxed elementor-section-height-default elementor-section-height-default\" data-id=\"26d9f937\" data-element_type=\"section\" data-settings=\"{&quot;background_background&quot;:&quot;classic&quot;}\">\n\t\t\t\t\t\t<div class=\"elementor-container elementor-column-gap-default\">\n\t\t\t\t\t<div class=\"elementor-column elementor-col-100 elementor-top-column elementor-element elementor-element-1aca6746\" data-id=\"1aca6746\" data-element_type=\"column\">\n\t\t\t<div class=\"elementor-widget-wrap elementor-element-populated\">\n\t\t\t\t\t\t<div class=\"elementor-element elementor-element-6cca1c9 elementor-widget elementor-widget-image\" data-id=\"6cca1c9\" data-element_type=\"widget\" data-widget_type=\"image.default\">\n\t\t\t\t<div class=\"elementor-widget-container\">\n\t\t\t\t\t\t\t\t\t\t\t\t\t\t\t<img fetchpriority=\"high\" decoding=\"async\" width=\"959\" height=\"530\" src=\"https:\/\/lavidasaludablepr.com\/wp-content\/uploads\/2023\/04\/WhatsApp-Image-2023-04-01-at-12.48.29-PM.jpeg\" class=\"attachment-large size-large wp-image-1706\" alt=\"\" srcset=\"https:\/\/lavidasaludablepr.com\/wp-content\/uploads\/2023\/04\/WhatsApp-Image-2023-04-01-at-12.48.29-PM.jpeg 959w, https:\/\/lavidasaludablepr.com\/wp-content\/uploads\/2023\/04\/WhatsApp-Image-2023-04-01-at-12.48.29-PM-300x166.jpeg 300w, https:\/\/lavidasaludablepr.com\/wp-content\/uploads\/2023\/04\/WhatsApp-Image-2023-04-01-at-12.48.29-PM-768x424.jpeg 768w, https:\/\/lavidasaludablepr.com\/wp-content\/uploads\/2023\/04\/WhatsApp-Image-2023-04-01-at-12.48.29-PM-18x10.jpeg 18w\" sizes=\"(max-width: 959px) 100vw, 959px\" \/>\t\t\t\t\t\t\t\t\t\t\t\t\t\t\t<\/div>\n\t\t\t\t<\/div>\n\t\t\t\t\t<\/div>\n\t\t<\/div>\n\t\t\t\t\t<\/div>\n\t\t<\/section>\n\t\t\t\t<section class=\"elementor-section elementor-top-section elementor-element elementor-element-aad9881 elementor-section-boxed elementor-section-height-default elementor-section-height-default\" data-id=\"aad9881\" data-element_type=\"section\">\n\t\t\t\t\t\t<div class=\"elementor-container elementor-column-gap-default\">\n\t\t\t\t\t<div class=\"elementor-column elementor-col-100 elementor-top-column elementor-element elementor-element-2f1ca59\" data-id=\"2f1ca59\" data-element_type=\"column\">\n\t\t\t<div class=\"elementor-widget-wrap elementor-element-populated\">\n\t\t\t\t\t\t<div class=\"elementor-element elementor-element-bc0a023 elementor-widget elementor-widget-heading\" data-id=\"bc0a023\" data-element_type=\"widget\" data-widget_type=\"heading.default\">\n\t\t\t\t<div class=\"elementor-widget-container\">\n\t\t\t\t\t<h1 class=\"elementor-heading-title elementor-size-default\">Productos Atomy<\/h1>\t\t\t\t<\/div>\n\t\t\t\t<\/div>\n\t\t\t\t\t<\/div>\n\t\t<\/div>\n\t\t\t\t\t<\/div>\n\t\t<\/section>\n\t\t\t\t<section class=\"elementor-section elementor-top-section elementor-element elementor-element-efd015e elementor-section-boxed elementor-section-height-default elementor-section-height-default\" data-id=\"efd015e\" data-element_type=\"section\">\n\t\t\t\t\t\t<div class=\"elementor-container elementor-column-gap-default\">\n\t\t\t\t\t<div class=\"elementor-column elementor-col-100 elementor-top-column elementor-element elementor-element-569e180\" data-id=\"569e180\" data-element_type=\"column\">\n\t\t\t<div class=\"elementor-widget-wrap elementor-element-populated\">\n\t\t\t\t\t\t<div class=\"elementor-element elementor-element-a5b6df7 elementor-widget elementor-widget-heading\" data-id=\"a5b6df7\" data-element_type=\"widget\" data-widget_type=\"heading.default\">\n\t\t\t\t<div class=\"elementor-widget-container\">\n\t\t\t\t\t<h2 class=\"elementor-heading-title elementor-size-default\">Cuidado para la Salud\n<\/h2>\t\t\t\t<\/div>\n\t\t\t\t<\/div>\n\t\t\t\t\t<\/div>\n\t\t<\/div>\n\t\t\t\t\t<\/div>\n\t\t<\/section>\n\t\t\t\t<section class=\"elementor-section elementor-top-section elementor-element elementor-element-21b1e81 elementor-section-boxed elementor-section-height-default elementor-section-height-default\" data-id=\"21b1e81\" data-element_type=\"section\">\n\t\t\t\t\t\t<div class=\"elementor-container elementor-column-gap-default\">\n\t\t\t\t\t<div class=\"elementor-column elementor-col-100 elementor-top-column elementor-element elementor-element-40e7f38\" data-id=\"40e7f38\" data-element_type=\"column\">\n\t\t\t<div class=\"elementor-widget-wrap elementor-element-populated\">\n\t\t\t\t\t\t<div class=\"elementor-element elementor-element-1e1cce9 elementor-widget-divider--view-line elementor-widget elementor-widget-divider\" data-id=\"1e1cce9\" data-element_type=\"widget\" data-widget_type=\"divider.default\">\n\t\t\t\t<div class=\"elementor-widget-container\">\n\t\t\t\t\t\t\t<div class=\"elementor-divider\">\n\t\t\t<span class=\"elementor-divider-separator\">\n\t\t\t\t\t\t<\/span>\n\t\t<\/div>\n\t\t\t\t\t\t<\/div>\n\t\t\t\t<\/div>\n\t\t\t\t\t<\/div>\n\t\t<\/div>\n\t\t\t\t\t<\/div>\n\t\t<\/section>\n\t\t\t\t<section class=\"elementor-section elementor-top-section elementor-element elementor-element-9ef714d elementor-section-boxed elementor-section-height-default elementor-section-height-default\" data-id=\"9ef714d\" data-element_type=\"section\">\n\t\t\t\t\t\t<div class=\"elementor-container elementor-column-gap-default\">\n\t\t\t\t\t<div class=\"elementor-column elementor-col-33 elementor-top-column elementor-element elementor-element-e250421\" data-id=\"e250421\" data-element_type=\"column\">\n\t\t\t<div class=\"elementor-widget-wrap elementor-element-populated\">\n\t\t\t\t\t\t<div class=\"elementor-element elementor-element-eac7afa elementor-widget elementor-widget-image\" data-id=\"eac7afa\" data-element_type=\"widget\" data-widget_type=\"image.default\">\n\t\t\t\t<div class=\"elementor-widget-container\">\n\t\t\t\t\t\t\t\t\t\t\t\t\t\t\t<img decoding=\"async\" width=\"940\" height=\"788\" src=\"https:\/\/lavidasaludablepr.com\/wp-content\/uploads\/2023\/04\/productios-atomy.png\" class=\"attachment-large size-large wp-image-1789\" alt=\"\" srcset=\"https:\/\/lavidasaludablepr.com\/wp-content\/uploads\/2023\/04\/productios-atomy.png 940w, https:\/\/lavidasaludablepr.com\/wp-content\/uploads\/2023\/04\/productios-atomy-300x251.png 300w, https:\/\/lavidasaludablepr.com\/wp-content\/uploads\/2023\/04\/productios-atomy-768x644.png 768w, https:\/\/lavidasaludablepr.com\/wp-content\/uploads\/2023\/04\/productios-atomy-14x12.png 14w\" sizes=\"(max-width: 940px) 100vw, 940px\" \/>\t\t\t\t\t\t\t\t\t\t\t\t\t\t\t<\/div>\n\t\t\t\t<\/div>\n\t\t\t\t<div class=\"elementor-element elementor-element-1cacb01 elementor-widget elementor-widget-heading\" data-id=\"1cacb01\" data-element_type=\"widget\" data-widget_type=\"heading.default\">\n\t\t\t\t<div class=\"elementor-widget-container\">\n\t\t\t\t\t<h2 class=\"elementor-heading-title elementor-size-default\">Espirulina\n<\/h2>\t\t\t\t<\/div>\n\t\t\t\t<\/div>\n\t\t\t\t<div class=\"elementor-element elementor-element-c74c0f6 elementor-widget elementor-widget-text-editor\" data-id=\"c74c0f6\" data-element_type=\"widget\" data-widget_type=\"text-editor.default\">\n\t\t\t\t<div class=\"elementor-widget-container\">\n\t\t\t\t\t\t\t\t\t<p>Fortalece sistema inmune aumentando gl\u00f3bulos blancos; favorece la p\u00e9rdida de peso y previene c\u00e1ncer de p\u00e1ncreas entre otros beneficios.<\/p>\t\t\t\t\t\t\t\t<\/div>\n\t\t\t\t<\/div>\n\t\t\t\t\t<\/div>\n\t\t<\/div>\n\t\t\t\t<div class=\"elementor-column elementor-col-33 elementor-top-column elementor-element elementor-element-ef2035c\" data-id=\"ef2035c\" data-element_type=\"column\">\n\t\t\t<div class=\"elementor-widget-wrap elementor-element-populated\">\n\t\t\t\t\t\t<div class=\"elementor-element elementor-element-786f504 elementor-widget elementor-widget-image\" data-id=\"786f504\" data-element_type=\"widget\" data-widget_type=\"image.default\">\n\t\t\t\t<div class=\"elementor-widget-container\">\n\t\t\t\t\t\t\t\t\t\t\t\t\t\t\t<img decoding=\"async\" width=\"940\" height=\"788\" src=\"https:\/\/lavidasaludablepr.com\/wp-content\/uploads\/2023\/04\/productios-atomy-1.png\" class=\"attachment-large size-large wp-image-1791\" alt=\"\" srcset=\"https:\/\/lavidasaludablepr.com\/wp-content\/uploads\/2023\/04\/productios-atomy-1.png 940w, https:\/\/lavidasaludablepr.com\/wp-content\/uploads\/2023\/04\/productios-atomy-1-300x251.png 300w, https:\/\/lavidasaludablepr.com\/wp-content\/uploads\/2023\/04\/productios-atomy-1-768x644.png 768w, https:\/\/lavidasaludablepr.com\/wp-content\/uploads\/2023\/04\/productios-atomy-1-14x12.png 14w\" sizes=\"(max-width: 940px) 100vw, 940px\" \/>\t\t\t\t\t\t\t\t\t\t\t\t\t\t\t<\/div>\n\t\t\t\t<\/div>\n\t\t\t\t<div class=\"elementor-element elementor-element-e704f8e elementor-widget elementor-widget-heading\" data-id=\"e704f8e\" data-element_type=\"widget\" data-widget_type=\"heading.default\">\n\t\t\t\t<div class=\"elementor-widget-container\">\n\t\t\t\t\t<h2 class=\"elementor-heading-title elementor-size-default\">Vitamina C<\/h2>\t\t\t\t<\/div>\n\t\t\t\t<\/div>\n\t\t\t\t<div class=\"elementor-element elementor-element-4375d1b elementor-widget elementor-widget-text-editor\" data-id=\"4375d1b\" data-element_type=\"widget\" data-widget_type=\"text-editor.default\">\n\t\t\t\t<div class=\"elementor-widget-container\">\n\t\t\t\t\t\t\t\t\t<p>Proporciona la vitamina C esencial; refuerza el sistema inmune; fortalece sistema respiratorio; relaja sistema nervioso entre otros.<\/p>\t\t\t\t\t\t\t\t<\/div>\n\t\t\t\t<\/div>\n\t\t\t\t\t<\/div>\n\t\t<\/div>\n\t\t\t\t<div class=\"elementor-column elementor-col-33 elementor-top-column elementor-element elementor-element-d9c8121\" data-id=\"d9c8121\" data-element_type=\"column\">\n\t\t\t<div class=\"elementor-widget-wrap elementor-element-populated\">\n\t\t\t\t\t\t<div class=\"elementor-element elementor-element-eca39ae elementor-widget elementor-widget-image\" data-id=\"eca39ae\" data-element_type=\"widget\" data-widget_type=\"image.default\">\n\t\t\t\t<div class=\"elementor-widget-container\">\n\t\t\t\t\t\t\t\t\t\t\t\t\t\t\t<img loading=\"lazy\" decoding=\"async\" width=\"940\" height=\"788\" src=\"https:\/\/lavidasaludablepr.com\/wp-content\/uploads\/2023\/04\/productios-atomy-2.png\" class=\"attachment-large size-large wp-image-1795\" alt=\"\" srcset=\"https:\/\/lavidasaludablepr.com\/wp-content\/uploads\/2023\/04\/productios-atomy-2.png 940w, https:\/\/lavidasaludablepr.com\/wp-content\/uploads\/2023\/04\/productios-atomy-2-300x251.png 300w, https:\/\/lavidasaludablepr.com\/wp-content\/uploads\/2023\/04\/productios-atomy-2-768x644.png 768w, https:\/\/lavidasaludablepr.com\/wp-content\/uploads\/2023\/04\/productios-atomy-2-14x12.png 14w\" sizes=\"(max-width: 940px) 100vw, 940px\" \/>\t\t\t\t\t\t\t\t\t\t\t\t\t\t\t<\/div>\n\t\t\t\t<\/div>\n\t\t\t\t<div class=\"elementor-element elementor-element-f471878 elementor-widget elementor-widget-heading\" data-id=\"f471878\" data-element_type=\"widget\" data-widget_type=\"heading.default\">\n\t\t\t\t<div class=\"elementor-widget-container\">\n\t\t\t\t\t<h2 class=\"elementor-heading-title elementor-size-default\">Alaska E Omega-3\n<\/h2>\t\t\t\t<\/div>\n\t\t\t\t<\/div>\n\t\t\t\t<div class=\"elementor-element elementor-element-b966094 elementor-widget elementor-widget-text-editor\" data-id=\"b966094\" data-element_type=\"widget\" data-widget_type=\"text-editor.default\">\n\t\t\t\t<div class=\"elementor-widget-container\">\n\t\t\t\t\t\t\t\t\t<p>Suplemento alimenticio que contiene c\u00farcuma, vitamina E. Ayuda a reducir colesterol, triglic\u00e9ridos, diabetes y presi\u00f3n alta entre otros.\u00a0<\/p>\t\t\t\t\t\t\t\t<\/div>\n\t\t\t\t<\/div>\n\t\t\t\t\t<\/div>\n\t\t<\/div>\n\t\t\t\t\t<\/div>\n\t\t<\/section>\n\t\t\t\t<section class=\"elementor-section elementor-top-section elementor-element elementor-element-161662a elementor-section-boxed elementor-section-height-default elementor-section-height-default\" data-id=\"161662a\" data-element_type=\"section\">\n\t\t\t\t\t\t<div class=\"elementor-container elementor-column-gap-default\">\n\t\t\t\t\t<div class=\"elementor-column elementor-col-33 elementor-top-column elementor-element elementor-element-1d37fb7\" data-id=\"1d37fb7\" data-element_type=\"column\">\n\t\t\t<div class=\"elementor-widget-wrap elementor-element-populated\">\n\t\t\t\t\t\t<div class=\"elementor-element elementor-element-b2911b7 elementor-widget elementor-widget-image\" data-id=\"b2911b7\" data-element_type=\"widget\" data-widget_type=\"image.default\">\n\t\t\t\t<div class=\"elementor-widget-container\">\n\t\t\t\t\t\t\t\t\t\t\t\t\t\t\t<img loading=\"lazy\" decoding=\"async\" width=\"940\" height=\"788\" src=\"https:\/\/lavidasaludablepr.com\/wp-content\/uploads\/2023\/04\/productios-atomy-3.png\" class=\"attachment-large size-large wp-image-1808\" alt=\"\" srcset=\"https:\/\/lavidasaludablepr.com\/wp-content\/uploads\/2023\/04\/productios-atomy-3.png 940w, https:\/\/lavidasaludablepr.com\/wp-content\/uploads\/2023\/04\/productios-atomy-3-300x251.png 300w, https:\/\/lavidasaludablepr.com\/wp-content\/uploads\/2023\/04\/productios-atomy-3-768x644.png 768w, https:\/\/lavidasaludablepr.com\/wp-content\/uploads\/2023\/04\/productios-atomy-3-14x12.png 14w\" sizes=\"(max-width: 940px) 100vw, 940px\" \/>\t\t\t\t\t\t\t\t\t\t\t\t\t\t\t<\/div>\n\t\t\t\t<\/div>\n\t\t\t\t<div class=\"elementor-element elementor-element-bf638e2 elementor-widget elementor-widget-heading\" data-id=\"bf638e2\" data-element_type=\"widget\" data-widget_type=\"heading.default\">\n\t\t\t\t<div class=\"elementor-widget-container\">\n\t\t\t\t\t<h2 class=\"elementor-heading-title elementor-size-default\">Sawpalmeto<\/h2>\t\t\t\t<\/div>\n\t\t\t\t<\/div>\n\t\t\t\t<div class=\"elementor-element elementor-element-d1057db elementor-widget elementor-widget-text-editor\" data-id=\"d1057db\" data-element_type=\"widget\" data-widget_type=\"text-editor.default\">\n\t\t\t\t<div class=\"elementor-widget-container\">\n\t\t\t\t\t\t\t\t\t<p>Suplemento diet\u00e9tico multicomplejo para la salud del hombre, que favorece un ant\u00edgeno prost\u00e1tico alto.<\/p>\t\t\t\t\t\t\t\t<\/div>\n\t\t\t\t<\/div>\n\t\t\t\t\t<\/div>\n\t\t<\/div>\n\t\t\t\t<div class=\"elementor-column elementor-col-33 elementor-top-column elementor-element elementor-element-e6fb9b1\" data-id=\"e6fb9b1\" data-element_type=\"column\">\n\t\t\t<div class=\"elementor-widget-wrap elementor-element-populated\">\n\t\t\t\t\t\t<div class=\"elementor-element elementor-element-2ab5643 elementor-widget elementor-widget-image\" data-id=\"2ab5643\" data-element_type=\"widget\" data-widget_type=\"image.default\">\n\t\t\t\t<div class=\"elementor-widget-container\">\n\t\t\t\t\t\t\t\t\t\t\t\t\t\t\t<img loading=\"lazy\" decoding=\"async\" width=\"940\" height=\"788\" src=\"https:\/\/lavidasaludablepr.com\/wp-content\/uploads\/2023\/04\/productios-atomy-4.png\" class=\"attachment-large size-large wp-image-1816\" alt=\"\" srcset=\"https:\/\/lavidasaludablepr.com\/wp-content\/uploads\/2023\/04\/productios-atomy-4.png 940w, https:\/\/lavidasaludablepr.com\/wp-content\/uploads\/2023\/04\/productios-atomy-4-300x251.png 300w, https:\/\/lavidasaludablepr.com\/wp-content\/uploads\/2023\/04\/productios-atomy-4-768x644.png 768w, https:\/\/lavidasaludablepr.com\/wp-content\/uploads\/2023\/04\/productios-atomy-4-14x12.png 14w\" sizes=\"(max-width: 940px) 100vw, 940px\" \/>\t\t\t\t\t\t\t\t\t\t\t\t\t\t\t<\/div>\n\t\t\t\t<\/div>\n\t\t\t\t<div class=\"elementor-element elementor-element-a83432c elementor-widget elementor-widget-heading\" data-id=\"a83432c\" data-element_type=\"widget\" data-widget_type=\"heading.default\">\n\t\t\t\t<div class=\"elementor-widget-container\">\n\t\t\t\t\t<h2 class=\"elementor-heading-title elementor-size-default\">Cardo Mariano<\/h2>\t\t\t\t<\/div>\n\t\t\t\t<\/div>\n\t\t\t\t<div class=\"elementor-element elementor-element-33f5056 elementor-widget elementor-widget-text-editor\" data-id=\"33f5056\" data-element_type=\"widget\" data-widget_type=\"text-editor.default\">\n\t\t\t\t<div class=\"elementor-widget-container\">\n\t\t\t\t\t\t\t\t\t<p>F\u00f3rmula multicomplejo que contribuye con la salud del h\u00edgado, desintoxic\u00e1ndolo y previniendo males tales como el c\u00e1ncer.<\/p>\t\t\t\t\t\t\t\t<\/div>\n\t\t\t\t<\/div>\n\t\t\t\t\t<\/div>\n\t\t<\/div>\n\t\t\t\t<div class=\"elementor-column elementor-col-33 elementor-top-column elementor-element elementor-element-bf39b24\" data-id=\"bf39b24\" data-element_type=\"column\">\n\t\t\t<div class=\"elementor-widget-wrap elementor-element-populated\">\n\t\t\t\t\t\t<div class=\"elementor-element elementor-element-3639457 elementor-widget elementor-widget-image\" data-id=\"3639457\" data-element_type=\"widget\" data-widget_type=\"image.default\">\n\t\t\t\t<div class=\"elementor-widget-container\">\n\t\t\t\t\t\t\t\t\t\t\t\t\t\t\t<img loading=\"lazy\" decoding=\"async\" width=\"940\" height=\"788\" src=\"https:\/\/lavidasaludablepr.com\/wp-content\/uploads\/2023\/04\/productios-atomy-5.png\" class=\"attachment-large size-large wp-image-1823\" alt=\"\" srcset=\"https:\/\/lavidasaludablepr.com\/wp-content\/uploads\/2023\/04\/productios-atomy-5.png 940w, https:\/\/lavidasaludablepr.com\/wp-content\/uploads\/2023\/04\/productios-atomy-5-300x251.png 300w, https:\/\/lavidasaludablepr.com\/wp-content\/uploads\/2023\/04\/productios-atomy-5-768x644.png 768w, https:\/\/lavidasaludablepr.com\/wp-content\/uploads\/2023\/04\/productios-atomy-5-14x12.png 14w\" sizes=\"(max-width: 940px) 100vw, 940px\" \/>\t\t\t\t\t\t\t\t\t\t\t\t\t\t\t<\/div>\n\t\t\t\t<\/div>\n\t\t\t\t<div class=\"elementor-element elementor-element-3362cb7 elementor-widget elementor-widget-heading\" data-id=\"3362cb7\" data-element_type=\"widget\" data-widget_type=\"heading.default\">\n\t\t\t\t<div class=\"elementor-widget-container\">\n\t\t\t\t\t<h2 class=\"elementor-heading-title elementor-size-default\">Probi\u00f3ticos<\/h2>\t\t\t\t<\/div>\n\t\t\t\t<\/div>\n\t\t\t\t<div class=\"elementor-element elementor-element-8d06f11 elementor-widget elementor-widget-text-editor\" data-id=\"8d06f11\" data-element_type=\"widget\" data-widget_type=\"text-editor.default\">\n\t\t\t\t<div class=\"elementor-widget-container\">\n\t\t\t\t\t\t\t\t\t<p>Elimina las bacterias malignas y fortalece las bacterias benignas en el cuerpo para generar m\u00faltiples beneficios.<\/p>\t\t\t\t\t\t\t\t<\/div>\n\t\t\t\t<\/div>\n\t\t\t\t\t<\/div>\n\t\t<\/div>\n\t\t\t\t\t<\/div>\n\t\t<\/section>\n\t\t\t\t<section class=\"elementor-section elementor-top-section elementor-element elementor-element-4042247 elementor-section-boxed elementor-section-height-default elementor-section-height-default\" data-id=\"4042247\" data-element_type=\"section\">\n\t\t\t\t\t\t<div class=\"elementor-container elementor-column-gap-default\">\n\t\t\t\t\t<div class=\"elementor-column elementor-col-100 elementor-top-column elementor-element elementor-element-3d11e77\" data-id=\"3d11e77\" data-element_type=\"column\">\n\t\t\t<div class=\"elementor-widget-wrap elementor-element-populated\">\n\t\t\t\t\t\t<div class=\"elementor-element elementor-element-d732347 elementor-widget elementor-widget-spacer\" data-id=\"d732347\" data-element_type=\"widget\" data-widget_type=\"spacer.default\">\n\t\t\t\t<div class=\"elementor-widget-container\">\n\t\t\t\t\t\t\t<div class=\"elementor-spacer\">\n\t\t\t<div class=\"elementor-spacer-inner\"><\/div>\n\t\t<\/div>\n\t\t\t\t\t\t<\/div>\n\t\t\t\t<\/div>\n\t\t\t\t\t<\/div>\n\t\t<\/div>\n\t\t\t\t\t<\/div>\n\t\t<\/section>\n\t\t\t\t<section class=\"elementor-section elementor-top-section elementor-element elementor-element-b3a769d elementor-section-boxed elementor-section-height-default elementor-section-height-default\" data-id=\"b3a769d\" data-element_type=\"section\">\n\t\t\t\t\t\t<div class=\"elementor-container elementor-column-gap-default\">\n\t\t\t\t\t<div class=\"elementor-column elementor-col-100 elementor-top-column elementor-element elementor-element-c61b4ff\" data-id=\"c61b4ff\" data-element_type=\"column\">\n\t\t\t<div class=\"elementor-widget-wrap elementor-element-populated\">\n\t\t\t\t\t\t<div class=\"elementor-element elementor-element-835f1fc elementor-widget elementor-widget-video\" data-id=\"835f1fc\" data-element_type=\"widget\" data-settings=\"{&quot;youtube_url&quot;:&quot;https:\\\/\\\/youtu.be\\\/8eLcmEkIJu8&quot;,&quot;video_type&quot;:&quot;youtube&quot;,&quot;controls&quot;:&quot;yes&quot;}\" data-widget_type=\"video.default\">\n\t\t\t\t<div class=\"elementor-widget-container\">\n\t\t\t\t\t\t\t<div class=\"elementor-wrapper elementor-open-inline\">\n\t\t\t<div class=\"elementor-video\"><\/div>\t\t<\/div>\n\t\t\t\t\t\t<\/div>\n\t\t\t\t<\/div>\n\t\t\t\t\t<\/div>\n\t\t<\/div>\n\t\t\t\t\t<\/div>\n\t\t<\/section>\n\t\t\t\t<\/div>","protected":false},"excerpt":{"rendered":"<p>Salud Productos Atomy Cuidado para la Salud Espirulina Fortalece sistema inmune aumentando gl\u00f3bulos blancos; favorece la p\u00e9rdida de peso y previene c\u00e1ncer de p\u00e1ncreas entre otros beneficios. Vitamina C Proporciona la vitamina C esencial; refuerza el sistema inmune; fortalece sistema respiratorio; relaja sistema nervioso entre otros. Alaska E Omega-3 Suplemento alimenticio que contiene c\u00farcuma, vitamina [&hellip;]<\/p>","protected":false},"author":1,"featured_media":0,"parent":0,"menu_order":0,"comment_status":"closed","ping_status":"closed","template":"","meta":{"_uag_custom_page_level_css":"","site-sidebar-layout":"no-sidebar","site-content-layout":"page-builder","ast-site-content-layout":"","site-content-style":"default","site-sidebar-style":"default","ast-global-header-display":"","ast-banner-title-visibility":"","ast-main-header-display":"","ast-hfb-above-header-display":"","ast-hfb-below-header-display":"","ast-hfb-mobile-header-display":"","site-post-title":"disabled","ast-breadcrumbs-content":"","ast-featured-img":"disabled","footer-sml-layout":"","theme-transparent-header-meta":"","adv-header-id-meta":"","stick-header-meta":"","header-above-stick-meta":"","header-main-stick-meta":"","header-below-stick-meta":"","astra-migrate-meta-layouts":"default","ast-page-background-enabled":"default","ast-page-background-meta":{"desktop":{"background-color":"","background-image":"","background-repeat":"repeat","background-position":"center center","background-size":"auto","background-attachment":"scroll","background-type":"","background-media":"","overlay-type":"","overlay-color":"","overlay-gradient":""},"tablet":{"background-color":"","background-image":"","background-repeat":"repeat","background-position":"center center","background-size":"auto","background-attachment":"scroll","background-type":"","background-media":"","overlay-type":"","overlay-color":"","overlay-gradient":""},"mobile":{"background-color":"","background-image":"","background-repeat":"repeat","background-position":"center center","background-size":"auto","background-attachment":"scroll","background-type":"","background-media":"","overlay-type":"","overlay-color":"","overlay-gradient":""}},"ast-content-background-meta":{"desktop":{"background-color":"var(--ast-global-color-5)","background-image":"","background-repeat":"repeat","background-position":"center center","background-size":"auto","background-attachment":"scroll","background-type":"","background-media":"","overlay-type":"","overlay-color":"","overlay-gradient":""},"tablet":{"background-color":"var(--ast-global-color-5)","background-image":"","background-repeat":"repeat","background-position":"center center","background-size":"auto","background-attachment":"scroll","background-type":"","background-media":"","overlay-type":"","overlay-color":"","overlay-gradient":""},"mobile":{"background-color":"var(--ast-global-color-5)","background-image":"","background-repeat":"repeat","background-position":"center center","background-size":"auto","background-attachment":"scroll","background-type":"","background-media":"","overlay-type":"","overlay-color":"","overlay-gradient":""}},"footnotes":""},"class_list":["post-1676","page","type-page","status-publish","hentry"],"uagb_featured_image_src":{"full":false,"thumbnail":false,"medium":false,"medium_large":false,"large":false,"1536x1536":false,"2048x2048":false,"trp-custom-language-flag":false},"uagb_author_info":{"display_name":"admin","author_link":"https:\/\/lavidasaludablepr.com\/en\/author\/admin\/"},"uagb_comment_info":0,"uagb_excerpt":"Salud Productos Atomy Cuidado para la Salud Espirulina Fortalece sistema inmune aumentando gl\u00f3bulos blancos; favorece la p\u00e9rdida de peso y previene c\u00e1ncer de p\u00e1ncreas entre otros beneficios. Vitamina C Proporciona la vitamina C esencial; refuerza el sistema inmune; fortalece sistema respiratorio; relaja sistema nervioso entre otros. Alaska E Omega-3 Suplemento alimenticio que contiene c\u00farcuma, vitamina&hellip;","_links":{"self":[{"href":"https:\/\/lavidasaludablepr.com\/en\/wp-json\/wp\/v2\/pages\/1676","targetHints":{"allow":["GET"]}}],"collection":[{"href":"https:\/\/lavidasaludablepr.com\/en\/wp-json\/wp\/v2\/pages"}],"about":[{"href":"https:\/\/lavidasaludablepr.com\/en\/wp-json\/wp\/v2\/types\/page"}],"author":[{"embeddable":true,"href":"https:\/\/lavidasaludablepr.com\/en\/wp-json\/wp\/v2\/users\/1"}],"replies":[{"embeddable":true,"href":"https:\/\/lavidasaludablepr.com\/en\/wp-json\/wp\/v2\/comments?post=1676"}],"version-history":[{"count":54,"href":"https:\/\/lavidasaludablepr.com\/en\/wp-json\/wp\/v2\/pages\/1676\/revisions"}],"predecessor-version":[{"id":1993,"href":"https:\/\/lavidasaludablepr.com\/en\/wp-json\/wp\/v2\/pages\/1676\/revisions\/1993"}],"wp:attachment":[{"href":"https:\/\/lavidasaludablepr.com\/en\/wp-json\/wp\/v2\/media?parent=1676"}],"curies":[{"name":"wp","href":"https:\/\/api.w.org\/{rel}","templated":true}]}}